{"id":929,"date":"2024-08-27T21:33:55","date_gmt":"2024-08-27T19:33:55","guid":{"rendered":"https:\/\/extremetravel.lv\/%d0%be%d1%81%d0%b5%d0%bd%d1%8c\/"},"modified":"2024-09-03T13:57:45","modified_gmt":"2024-09-03T11:57:45","slug":"%d0%be%d1%81%d0%b5%d0%bd%d1%8c","status":"publish","type":"page","link":"https:\/\/extremetravel.lv\/ru\/%d0%be%d1%81%d0%b5%d0%bd%d1%8c\/","title":{"rendered":"\u041e\u0441\u0435\u043d\u044c"},"content":{"rendered":"<p><div class=\"fusion-fullwidth fullwidth-box fusion-builder-row-1 fusion-flex-container has-pattern-background has-mask-background nonhundred-percent-fullwidth non-hundred-percent-height-scrolling\" style=\"--awb-border-radius-top-left:0px;--awb-border-radius-top-right:0px;--awb-border-radius-bottom-right:0px;--awb-border-radius-bottom-left:0px;--awb-flex-wrap:wrap;\" ><div class=\"fusion-builder-row fusion-row fusion-flex-align-items-flex-start fusion-flex-content-wrap\" style=\"max-width:1248px;margin-left: calc(-4% \/ 2 );margin-right: calc(-4% \/ 2 );\"><div class=\"fusion-layout-column fusion_builder_column fusion-builder-column-0 fusion_builder_column_1_1 1_1 fusion-flex-column\" style=\"--awb-bg-size:cover;--awb-width-large:100%;--awb-margin-top-large:0px;--awb-spacing-right-large:1.92%;--awb-margin-bottom-large:20px;--awb-spacing-left-large:1.92%;--awb-width-medium:100%;--awb-order-medium:0;--awb-spacing-right-medium:1.92%;--awb-spacing-left-medium:1.92%;--awb-width-small:100%;--awb-order-small:0;--awb-spacing-right-small:1.92%;--awb-spacing-left-small:1.92%;\"><div class=\"fusion-column-wrapper fusion-column-has-shadow fusion-flex-justify-content-flex-start fusion-content-layout-column\"><div class=\"awb-gallery-wrapper awb-gallery-wrapper-1 button-span-no\" style=\"--more-btn-alignment:center;\"><div style=\"margin:-5px;--awb-bordersize:0px;\" class=\"fusion-gallery fusion-gallery-container fusion-grid-3 fusion-columns-total-12 fusion-gallery-layout-grid fusion-gallery-1\"><div style=\"padding:5px;\" class=\"fusion-grid-column fusion-gallery-column fusion-gallery-column-3 hover-type-none\"><div class=\"fusion-gallery-image\"><a href=\"https:\/\/extremetravel.lv\/wp-content\/uploads\/2024\/09\/Extremetravel.lv_04023-scaled.jpg\" rel=\"noreferrer\" data-rel=\"iLightbox[gallery_image_1]\" class=\"fusion-lightbox\" target=\"_self\"><img decoding=\"async\" src=\"https:\/\/extremetravel.lv\/wp-content\/uploads\/2024\/09\/Extremetravel.lv_04023-460x295.jpg\" width=\"460\" height=\"295\" alt=\"Uzd\u0101vini emocijas un skaistus mirk\u013cus\" title=\"Extremetravel.lv_04023\" aria-label=\"Extremetravel.lv_04023\" class=\"img-responsive wp-image-1077 fusion-gallery-image-size-fixed\"  \/><\/a><\/div><\/div><div style=\"padding:5px;\" class=\"fusion-grid-column fusion-gallery-column fusion-gallery-column-3 hover-type-none\"><div class=\"fusion-gallery-image\"><a href=\"https:\/\/extremetravel.lv\/wp-content\/uploads\/2024\/09\/Extremetravel.lv_04069-scaled.jpg\" rel=\"noreferrer\" data-rel=\"iLightbox[gallery_image_1]\" class=\"fusion-lightbox\" target=\"_self\"><img decoding=\"async\" src=\"https:\/\/extremetravel.lv\/wp-content\/uploads\/2024\/09\/Extremetravel.lv_04069-460x295.jpg\" width=\"460\" height=\"295\" alt=\"Uzd\u0101vini emocijas un skaistus mirk\u013cus\" title=\"Extremetravel.lv_04069\" aria-label=\"Extremetravel.lv_04069\" class=\"img-responsive wp-image-1079 fusion-gallery-image-size-fixed\"  \/><\/a><\/div><\/div><div style=\"padding:5px;\" class=\"fusion-grid-column fusion-gallery-column fusion-gallery-column-3 hover-type-none\"><div class=\"fusion-gallery-image\"><a href=\"https:\/\/extremetravel.lv\/wp-content\/uploads\/2024\/09\/Extremetravel.lv_04108-scaled.jpg\" rel=\"noreferrer\" data-rel=\"iLightbox[gallery_image_1]\" class=\"fusion-lightbox\" target=\"_self\"><img decoding=\"async\" src=\"https:\/\/extremetravel.lv\/wp-content\/uploads\/2024\/09\/Extremetravel.lv_04108-460x295.jpg\" width=\"460\" height=\"295\" alt=\"Uzd\u0101vini emocijas un skaistus mirk\u013cus\" title=\"Extremetravel.lv_04108\" aria-label=\"Extremetravel.lv_04108\" class=\"img-responsive wp-image-1084 fusion-gallery-image-size-fixed\"  \/><\/a><\/div><\/div><div class=\"clearfix\"><\/div><div style=\"padding:5px;\" class=\"fusion-grid-column fusion-gallery-column fusion-gallery-column-3 hover-type-none\"><div class=\"fusion-gallery-image\"><a href=\"https:\/\/extremetravel.lv\/wp-content\/uploads\/2024\/09\/Extremetravel.lv_04114-scaled.jpg\" rel=\"noreferrer\" data-rel=\"iLightbox[gallery_image_1]\" class=\"fusion-lightbox\" target=\"_self\"><img decoding=\"async\" src=\"https:\/\/extremetravel.lv\/wp-content\/uploads\/2024\/09\/Extremetravel.lv_04114-460x295.jpg\" width=\"460\" height=\"295\" alt=\"Uzd\u0101vini emocijas un skaistus mirk\u013cus, C\u0113sis\" title=\"Extremetravel.lv_04114\" aria-label=\"Extremetravel.lv_04114\" class=\"img-responsive wp-image-1086 fusion-gallery-image-size-fixed\"  \/><\/a><\/div><\/div><div style=\"padding:5px;\" class=\"fusion-grid-column fusion-gallery-column fusion-gallery-column-3 hover-type-none\"><div class=\"fusion-gallery-image\"><a href=\"https:\/\/extremetravel.lv\/wp-content\/uploads\/2024\/09\/Extremetravel.lv_04118-scaled.jpg\" rel=\"noreferrer\" data-rel=\"iLightbox[gallery_image_1]\" class=\"fusion-lightbox\" target=\"_self\"><img decoding=\"async\" src=\"https:\/\/extremetravel.lv\/wp-content\/uploads\/2024\/09\/Extremetravel.lv_04118-460x295.jpg\" width=\"460\" height=\"295\" alt=\"Uzd\u0101vini emocijas un skaistus mirk\u013cus\" title=\"Extremetravel.lv_04118\" aria-label=\"Extremetravel.lv_04118\" class=\"img-responsive wp-image-1088 fusion-gallery-image-size-fixed\"  \/><\/a><\/div><\/div><div style=\"padding:5px;\" class=\"fusion-grid-column fusion-gallery-column fusion-gallery-column-3 hover-type-none\"><div class=\"fusion-gallery-image\"><a href=\"https:\/\/extremetravel.lv\/wp-content\/uploads\/2024\/09\/Extremetravel.lv_04157-scaled.jpg\" rel=\"noreferrer\" data-rel=\"iLightbox[gallery_image_1]\" class=\"fusion-lightbox\" target=\"_self\"><img decoding=\"async\" src=\"https:\/\/extremetravel.lv\/wp-content\/uploads\/2024\/09\/Extremetravel.lv_04157-460x295.jpg\" width=\"460\" height=\"295\" alt=\"Uzd\u0101vini emocijas un skaistus mirk\u013cus\" title=\"Extremetravel.lv_04157\" aria-label=\"Extremetravel.lv_04157\" class=\"img-responsive wp-image-1090 fusion-gallery-image-size-fixed\"  \/><\/a><\/div><\/div><div class=\"clearfix\"><\/div><div style=\"padding:5px;\" class=\"fusion-grid-column fusion-gallery-column fusion-gallery-column-3 hover-type-none\"><div class=\"fusion-gallery-image\"><a href=\"https:\/\/extremetravel.lv\/wp-content\/uploads\/2024\/09\/Extremetravel.lv_04168-scaled.jpg\" rel=\"noreferrer\" data-rel=\"iLightbox[gallery_image_1]\" class=\"fusion-lightbox\" target=\"_self\"><img decoding=\"async\" src=\"https:\/\/extremetravel.lv\/wp-content\/uploads\/2024\/09\/Extremetravel.lv_04168-460x295.jpg\" width=\"460\" height=\"295\" alt=\"Lidojumi ar parapl\u0101nu\" title=\"Extremetravel.lv_04168\" aria-label=\"Extremetravel.lv_04168\" class=\"img-responsive wp-image-1092 fusion-gallery-image-size-fixed\"  \/><\/a><\/div><\/div><div style=\"padding:5px;\" class=\"fusion-grid-column fusion-gallery-column fusion-gallery-column-3 hover-type-none\"><div class=\"fusion-gallery-image\"><a href=\"https:\/\/extremetravel.lv\/wp-content\/uploads\/2024\/09\/Extremetravel.lv_04172-scaled.jpg\" rel=\"noreferrer\" data-rel=\"iLightbox[gallery_image_1]\" class=\"fusion-lightbox\" target=\"_self\"><img decoding=\"async\" src=\"https:\/\/extremetravel.lv\/wp-content\/uploads\/2024\/09\/Extremetravel.lv_04172-460x295.jpg\" width=\"460\" height=\"295\" alt=\"Lidojumi ruden\u012b, R\u012bga\" title=\"Extremetravel.lv_04172\" aria-label=\"Extremetravel.lv_04172\" class=\"img-responsive wp-image-1094 fusion-gallery-image-size-fixed\"  \/><\/a><\/div><\/div><div style=\"padding:5px;\" class=\"fusion-grid-column fusion-gallery-column fusion-gallery-column-3 hover-type-none\"><div class=\"fusion-gallery-image\"><a href=\"https:\/\/extremetravel.lv\/wp-content\/uploads\/2024\/09\/Extremetravel.lv_04178-scaled.jpg\" rel=\"noreferrer\" data-rel=\"iLightbox[gallery_image_1]\" class=\"fusion-lightbox\" target=\"_self\"><img decoding=\"async\" src=\"https:\/\/extremetravel.lv\/wp-content\/uploads\/2024\/09\/Extremetravel.lv_04178-460x295.jpg\" width=\"460\" height=\"295\" alt=\"Lidojumi ruden\u012b, R\u012bga\" title=\"Extremetravel.lv_04178\" aria-label=\"Extremetravel.lv_04178\" class=\"img-responsive wp-image-1096 fusion-gallery-image-size-fixed\"  \/><\/a><\/div><\/div><div class=\"clearfix\"><\/div><div style=\"padding:5px;\" class=\"fusion-grid-column fusion-gallery-column fusion-gallery-column-3 hover-type-none\"><div class=\"fusion-gallery-image\"><a href=\"https:\/\/extremetravel.lv\/wp-content\/uploads\/2024\/09\/Extremetravel.lv_8718_1-scaled.jpg\" rel=\"noreferrer\" data-rel=\"iLightbox[gallery_image_1]\" class=\"fusion-lightbox\" target=\"_self\"><img decoding=\"async\" src=\"https:\/\/extremetravel.lv\/wp-content\/uploads\/2024\/09\/Extremetravel.lv_8718_1-460x295.jpg\" width=\"460\" height=\"295\" alt=\"Lidojumi ruden\u012b\" title=\"Extremetravel.lv_8718_1\" aria-label=\"Extremetravel.lv_8718_1\" class=\"img-responsive wp-image-1098 fusion-gallery-image-size-fixed\"  \/><\/a><\/div><\/div><div style=\"padding:5px;\" class=\"fusion-grid-column fusion-gallery-column fusion-gallery-column-3 hover-type-none\"><div class=\"fusion-gallery-image\"><a href=\"https:\/\/extremetravel.lv\/wp-content\/uploads\/2024\/09\/Extremetravel.lv_8965_1-scaled.jpg\" rel=\"noreferrer\" data-rel=\"iLightbox[gallery_image_1]\" class=\"fusion-lightbox\" target=\"_self\"><img decoding=\"async\" src=\"https:\/\/extremetravel.lv\/wp-content\/uploads\/2024\/09\/Extremetravel.lv_8965_1-460x295.jpg\" width=\"460\" height=\"295\" alt=\"Lidojumi ruden\u012b, C\u0113sis\" title=\"Extremetravel.lv_8965_1\" aria-label=\"Extremetravel.lv_8965_1\" class=\"img-responsive wp-image-1100 fusion-gallery-image-size-fixed\"  \/><\/a><\/div><\/div><div style=\"padding:5px;\" class=\"fusion-grid-column fusion-gallery-column fusion-gallery-column-3 hover-type-none\"><div class=\"fusion-gallery-image\"><a href=\"https:\/\/extremetravel.lv\/wp-content\/uploads\/2024\/09\/Extremetravel.lv_04085-scaled.jpg\" rel=\"noreferrer\" data-rel=\"iLightbox[gallery_image_1]\" class=\"fusion-lightbox\" target=\"_self\"><img decoding=\"async\" src=\"https:\/\/extremetravel.lv\/wp-content\/uploads\/2024\/09\/Extremetravel.lv_04085-460x295.jpg\" width=\"460\" height=\"295\" alt=\"Uzd\u0101vini emocijas un skaistus mirk\u013cus\" title=\"Extremetravel.lv_04085\" aria-label=\"Extremetravel.lv_04085\" class=\"img-responsive wp-image-1082 fusion-gallery-image-size-fixed\"  \/><\/a><\/div><\/div><div class=\"clearfix\"><\/div><\/div><\/div><\/div><\/div><\/div><\/div><div class=\"fusion-fullwidth fullwidth-box fusion-builder-row-2 fusion-flex-container has-pattern-background has-mask-background nonhundred-percent-fullwidth non-hundred-percent-height-scrolling\" style=\"--awb-border-radius-top-left:0px;--awb-border-radius-top-right:0px;--awb-border-radius-bottom-right:0px;--awb-border-radius-bottom-left:0px;--awb-flex-wrap:wrap;\" ><div class=\"fusion-builder-row fusion-row fusion-flex-align-items-flex-start fusion-flex-content-wrap\" style=\"max-width:1248px;margin-left: calc(-4% \/ 2 );margin-right: calc(-4% \/ 2 );\"><div class=\"fusion-layout-column fusion_builder_column fusion-builder-column-1 fusion_builder_column_1_1 1_1 fusion-flex-column\" style=\"--awb-bg-size:cover;--awb-width-large:100%;--awb-margin-top-large:0px;--awb-spacing-right-large:1.92%;--awb-margin-bottom-large:20px;--awb-spacing-left-large:1.92%;--awb-width-medium:100%;--awb-order-medium:0;--awb-spacing-right-medium:1.92%;--awb-spacing-left-medium:1.92%;--awb-width-small:100%;--awb-order-small:0;--awb-spacing-right-small:1.92%;--awb-spacing-left-small:1.92%;\"><div class=\"fusion-column-wrapper fusion-column-has-shadow fusion-flex-justify-content-flex-start fusion-content-layout-column\"><div class=\"fusion-separator fusion-no-small-visibility fusion-full-width-sep\" style=\"align-self: center;margin-left: auto;margin-right: auto;margin-top:30px;width:100%;\"><\/div><\/div><\/div><div class=\"fusion-layout-column fusion_builder_column fusion-builder-column-2 fusion_builder_column_1_2 1_2 fusion-flex-column\" style=\"--awb-bg-size:cover;--awb-width-large:50%;--awb-margin-top-large:0px;--awb-spacing-right-large:3.84%;--awb-margin-bottom-large:20px;--awb-spacing-left-large:3.84%;--awb-width-medium:50%;--awb-order-medium:0;--awb-spacing-right-medium:3.84%;--awb-spacing-left-medium:3.84%;--awb-width-small:100%;--awb-order-small:0;--awb-spacing-right-small:1.92%;--awb-spacing-left-small:1.92%;\"><div class=\"fusion-column-wrapper fusion-column-has-shadow fusion-flex-justify-content-flex-start fusion-content-layout-column\"><div class=\"fusion-text fusion-text-1\"><p><iframe title=\"YouTube video player\" src=\"https:\/\/www.youtube.com\/embed\/ZVz42gnsuTM?si=cfZOuO2wBWVIxY-d\" width=\"560\" height=\"315\" frameborder=\"0\" allowfullscreen=\"allowfullscreen\"><\/iframe><\/p>\n<\/div><\/div><\/div><div class=\"fusion-layout-column fusion_builder_column fusion-builder-column-3 fusion_builder_column_1_2 1_2 fusion-flex-column\" style=\"--awb-bg-size:cover;--awb-width-large:50%;--awb-margin-top-large:0px;--awb-spacing-right-large:3.84%;--awb-margin-bottom-large:20px;--awb-spacing-left-large:3.84%;--awb-width-medium:50%;--awb-order-medium:0;--awb-spacing-right-medium:3.84%;--awb-spacing-left-medium:3.84%;--awb-width-small:100%;--awb-order-small:0;--awb-spacing-right-small:1.92%;--awb-spacing-left-small:1.92%;\"><div class=\"fusion-column-wrapper fusion-column-has-shadow fusion-flex-justify-content-flex-start fusion-content-layout-column\"><\/div><\/div><div class=\"fusion-layout-column fusion_builder_column fusion-builder-column-4 fusion_builder_column_1_2 1_2 fusion-flex-column\" style=\"--awb-bg-size:cover;--awb-width-large:50%;--awb-margin-top-large:0px;--awb-spacing-right-large:3.84%;--awb-margin-bottom-large:20px;--awb-spacing-left-large:3.84%;--awb-width-medium:50%;--awb-order-medium:0;--awb-spacing-right-medium:3.84%;--awb-spacing-left-medium:3.84%;--awb-width-small:100%;--awb-order-small:0;--awb-spacing-right-small:1.92%;--awb-spacing-left-small:1.92%;\"><div class=\"fusion-column-wrapper fusion-column-has-shadow fusion-flex-justify-content-flex-start fusion-content-layout-column\"><\/div><\/div><div class=\"fusion-layout-column fusion_builder_column fusion-builder-column-5 fusion_builder_column_1_2 1_2 fusion-flex-column\" style=\"--awb-bg-size:cover;--awb-width-large:50%;--awb-margin-top-large:0px;--awb-spacing-right-large:3.84%;--awb-margin-bottom-large:20px;--awb-spacing-left-large:3.84%;--awb-width-medium:50%;--awb-order-medium:0;--awb-spacing-right-medium:3.84%;--awb-spacing-left-medium:3.84%;--awb-width-small:100%;--awb-order-small:0;--awb-spacing-right-small:1.92%;--awb-spacing-left-small:1.92%;\"><div class=\"fusion-column-wrapper fusion-column-has-shadow fusion-flex-justify-content-flex-start fusion-content-layout-column\"><\/div><\/div><\/div><\/div><\/p>\n","protected":false},"excerpt":{"rendered":"","protected":false},"author":1,"featured_media":0,"parent":0,"menu_order":0,"comment_status":"closed","ping_status":"closed","template":"100-width.php","meta":{"footnotes":""},"class_list":["post-929","page","type-page","status-publish","hentry"],"yoast_head":"<!-- This site is optimized with the Yoast SEO plugin v27.6 - https:\/\/yoast.com\/product\/yoast-seo-wordpress\/ -->\n<title>\u041e\u0441\u0435\u043d\u044c - Paraplan\u0113\u0161ana Latvij\u0101<\/title>\n<meta name=\"description\" content=\"\u041e\u0441\u0435\u043d\u044c, \u043e\u0441\u0435\u043d\u043d\u0438\u0435 \u0444\u043e\u0442\u043e, \u043e\u0441\u0435\u043d\u043d\u0438\u0435 \u0432\u0438\u0434\u0435\u043e, extremetravel, Extrem travel, \u043f\u043e\u043b\u0435\u0442 \u043d\u0430 \u043f\u0430\u0440\u0430\u043f\u043b\u0430\u043d\u0435, \u043f\u043e\u043b\u0451\u0442 \u043d\u0430 \u043c\u043e\u0442\u043e\u043f\u0430\u0440\u0430\u043f\u043b\u0430\u043d\u0435, \u0433\u0434\u0435 \u043c\u043e\u0436\u043d\u043e \u043f\u043e\u043b\u0435\u0442\u0430\u0442\u044c \u0432 \u041b\u0430\u0442\u0432\u0438\u0438.\" \/>\n<meta name=\"robots\" content=\"index, follow, max-snippet:-1, max-image-preview:large, max-video-preview:-1\" \/>\n<link rel=\"canonical\" href=\"https:\/\/extremetravel.lv\/ru\/\u043e\u0441\u0435\u043d\u044c\/\" \/>\n<meta property=\"og:locale\" content=\"ru_RU\" \/>\n<meta property=\"og:type\" content=\"article\" \/>\n<meta property=\"og:title\" content=\"\u041e\u0441\u0435\u043d\u044c - Paraplan\u0113\u0161ana Latvij\u0101\" \/>\n<meta property=\"og:description\" content=\"\u041e\u0441\u0435\u043d\u044c, \u043e\u0441\u0435\u043d\u043d\u0438\u0435 \u0444\u043e\u0442\u043e, \u043e\u0441\u0435\u043d\u043d\u0438\u0435 \u0432\u0438\u0434\u0435\u043e, extremetravel, Extrem travel, \u043f\u043e\u043b\u0435\u0442 \u043d\u0430 \u043f\u0430\u0440\u0430\u043f\u043b\u0430\u043d\u0435, \u043f\u043e\u043b\u0451\u0442 \u043d\u0430 \u043c\u043e\u0442\u043e\u043f\u0430\u0440\u0430\u043f\u043b\u0430\u043d\u0435, \u0433\u0434\u0435 \u043c\u043e\u0436\u043d\u043e \u043f\u043e\u043b\u0435\u0442\u0430\u0442\u044c \u0432 \u041b\u0430\u0442\u0432\u0438\u0438.\" \/>\n<meta property=\"og:url\" content=\"https:\/\/extremetravel.lv\/ru\/\u043e\u0441\u0435\u043d\u044c\/\" \/>\n<meta property=\"og:site_name\" content=\"Paraplan\u0113\u0161ana Latvij\u0101\" \/>\n<meta property=\"article:modified_time\" content=\"2024-09-03T11:57:45+00:00\" \/>\n<meta name=\"twitter:card\" content=\"summary_large_image\" \/>\n<meta name=\"twitter:label1\" content=\"\u041f\u0440\u0438\u043c\u0435\u0440\u043d\u043e\u0435 \u0432\u0440\u0435\u043c\u044f \u0434\u043b\u044f \u0447\u0442\u0435\u043d\u0438\u044f\" \/>\n\t<meta name=\"twitter:data1\" content=\"3 \u043c\u0438\u043d\u0443\u0442\u044b\" \/>\n<script type=\"application\/ld+json\" class=\"yoast-schema-graph\">{\"@context\":\"https:\\\/\\\/schema.org\",\"@graph\":[{\"@type\":\"WebPage\",\"@id\":\"https:\\\/\\\/extremetravel.lv\\\/ru\\\/%d0%be%d1%81%d0%b5%d0%bd%d1%8c\\\/\",\"url\":\"https:\\\/\\\/extremetravel.lv\\\/ru\\\/%d0%be%d1%81%d0%b5%d0%bd%d1%8c\\\/\",\"name\":\"\u041e\u0441\u0435\u043d\u044c - Paraplan\u0113\u0161ana Latvij\u0101\",\"isPartOf\":{\"@id\":\"https:\\\/\\\/extremetravel.lv\\\/#website\"},\"datePublished\":\"2024-08-27T19:33:55+00:00\",\"dateModified\":\"2024-09-03T11:57:45+00:00\",\"description\":\"\u041e\u0441\u0435\u043d\u044c, \u043e\u0441\u0435\u043d\u043d\u0438\u0435 \u0444\u043e\u0442\u043e, \u043e\u0441\u0435\u043d\u043d\u0438\u0435 \u0432\u0438\u0434\u0435\u043e, extremetravel, Extrem travel, \u043f\u043e\u043b\u0435\u0442 \u043d\u0430 \u043f\u0430\u0440\u0430\u043f\u043b\u0430\u043d\u0435, \u043f\u043e\u043b\u0451\u0442 \u043d\u0430 \u043c\u043e\u0442\u043e\u043f\u0430\u0440\u0430\u043f\u043b\u0430\u043d\u0435, \u0433\u0434\u0435 \u043c\u043e\u0436\u043d\u043e \u043f\u043e\u043b\u0435\u0442\u0430\u0442\u044c \u0432 \u041b\u0430\u0442\u0432\u0438\u0438.\",\"breadcrumb\":{\"@id\":\"https:\\\/\\\/extremetravel.lv\\\/ru\\\/%d0%be%d1%81%d0%b5%d0%bd%d1%8c\\\/#breadcrumb\"},\"inLanguage\":\"ru-RU\",\"potentialAction\":[{\"@type\":\"ReadAction\",\"target\":[\"https:\\\/\\\/extremetravel.lv\\\/ru\\\/%d0%be%d1%81%d0%b5%d0%bd%d1%8c\\\/\"]}]},{\"@type\":\"BreadcrumbList\",\"@id\":\"https:\\\/\\\/extremetravel.lv\\\/ru\\\/%d0%be%d1%81%d0%b5%d0%bd%d1%8c\\\/#breadcrumb\",\"itemListElement\":[{\"@type\":\"ListItem\",\"position\":1,\"name\":\"Home\",\"item\":\"https:\\\/\\\/extremetravel.lv\\\/ru\\\/\"},{\"@type\":\"ListItem\",\"position\":2,\"name\":\"\u041e\u0441\u0435\u043d\u044c\"}]},{\"@type\":\"WebSite\",\"@id\":\"https:\\\/\\\/extremetravel.lv\\\/#website\",\"url\":\"https:\\\/\\\/extremetravel.lv\\\/\",\"name\":\"Paraplan\u0113\u0161ana Latvij\u0101\",\"description\":\"EXTREME TRAVEL\",\"publisher\":{\"@id\":\"https:\\\/\\\/extremetravel.lv\\\/#organization\"},\"potentialAction\":[{\"@type\":\"SearchAction\",\"target\":{\"@type\":\"EntryPoint\",\"urlTemplate\":\"https:\\\/\\\/extremetravel.lv\\\/?s={search_term_string}\"},\"query-input\":{\"@type\":\"PropertyValueSpecification\",\"valueRequired\":true,\"valueName\":\"search_term_string\"}}],\"inLanguage\":\"ru-RU\"},{\"@type\":\"Organization\",\"@id\":\"https:\\\/\\\/extremetravel.lv\\\/#organization\",\"name\":\"Paraplan\u0113\u0161ana Latvij\u0101\",\"url\":\"https:\\\/\\\/extremetravel.lv\\\/\",\"logo\":{\"@type\":\"ImageObject\",\"inLanguage\":\"ru-RU\",\"@id\":\"https:\\\/\\\/extremetravel.lv\\\/#\\\/schema\\\/logo\\\/image\\\/\",\"url\":\"https:\\\/\\\/extremetravel.lv\\\/wp-content\\\/uploads\\\/2024\\\/08\\\/extreme_logo_desktop.svg\",\"contentUrl\":\"https:\\\/\\\/extremetravel.lv\\\/wp-content\\\/uploads\\\/2024\\\/08\\\/extreme_logo_desktop.svg\",\"width\":110,\"height\":110,\"caption\":\"Paraplan\u0113\u0161ana Latvij\u0101\"},\"image\":{\"@id\":\"https:\\\/\\\/extremetravel.lv\\\/#\\\/schema\\\/logo\\\/image\\\/\"}}]}<\/script>\n<!-- \/ Yoast SEO plugin. -->","yoast_head_json":{"title":"\u041e\u0441\u0435\u043d\u044c - Paraplan\u0113\u0161ana Latvij\u0101","description":"\u041e\u0441\u0435\u043d\u044c, \u043e\u0441\u0435\u043d\u043d\u0438\u0435 \u0444\u043e\u0442\u043e, \u043e\u0441\u0435\u043d\u043d\u0438\u0435 \u0432\u0438\u0434\u0435\u043e, extremetravel, Extrem travel, \u043f\u043e\u043b\u0435\u0442 \u043d\u0430 \u043f\u0430\u0440\u0430\u043f\u043b\u0430\u043d\u0435, \u043f\u043e\u043b\u0451\u0442 \u043d\u0430 \u043c\u043e\u0442\u043e\u043f\u0430\u0440\u0430\u043f\u043b\u0430\u043d\u0435, \u0433\u0434\u0435 \u043c\u043e\u0436\u043d\u043e \u043f\u043e\u043b\u0435\u0442\u0430\u0442\u044c \u0432 \u041b\u0430\u0442\u0432\u0438\u0438.","robots":{"index":"index","follow":"follow","max-snippet":"max-snippet:-1","max-image-preview":"max-image-preview:large","max-video-preview":"max-video-preview:-1"},"canonical":"https:\/\/extremetravel.lv\/ru\/\u043e\u0441\u0435\u043d\u044c\/","og_locale":"ru_RU","og_type":"article","og_title":"\u041e\u0441\u0435\u043d\u044c - Paraplan\u0113\u0161ana Latvij\u0101","og_description":"\u041e\u0441\u0435\u043d\u044c, \u043e\u0441\u0435\u043d\u043d\u0438\u0435 \u0444\u043e\u0442\u043e, \u043e\u0441\u0435\u043d\u043d\u0438\u0435 \u0432\u0438\u0434\u0435\u043e, extremetravel, Extrem travel, \u043f\u043e\u043b\u0435\u0442 \u043d\u0430 \u043f\u0430\u0440\u0430\u043f\u043b\u0430\u043d\u0435, \u043f\u043e\u043b\u0451\u0442 \u043d\u0430 \u043c\u043e\u0442\u043e\u043f\u0430\u0440\u0430\u043f\u043b\u0430\u043d\u0435, \u0433\u0434\u0435 \u043c\u043e\u0436\u043d\u043e \u043f\u043e\u043b\u0435\u0442\u0430\u0442\u044c \u0432 \u041b\u0430\u0442\u0432\u0438\u0438.","og_url":"https:\/\/extremetravel.lv\/ru\/\u043e\u0441\u0435\u043d\u044c\/","og_site_name":"Paraplan\u0113\u0161ana Latvij\u0101","article_modified_time":"2024-09-03T11:57:45+00:00","twitter_card":"summary_large_image","twitter_misc":{"\u041f\u0440\u0438\u043c\u0435\u0440\u043d\u043e\u0435 \u0432\u0440\u0435\u043c\u044f \u0434\u043b\u044f \u0447\u0442\u0435\u043d\u0438\u044f":"3 \u043c\u0438\u043d\u0443\u0442\u044b"},"schema":{"@context":"https:\/\/schema.org","@graph":[{"@type":"WebPage","@id":"https:\/\/extremetravel.lv\/ru\/%d0%be%d1%81%d0%b5%d0%bd%d1%8c\/","url":"https:\/\/extremetravel.lv\/ru\/%d0%be%d1%81%d0%b5%d0%bd%d1%8c\/","name":"\u041e\u0441\u0435\u043d\u044c - Paraplan\u0113\u0161ana Latvij\u0101","isPartOf":{"@id":"https:\/\/extremetravel.lv\/#website"},"datePublished":"2024-08-27T19:33:55+00:00","dateModified":"2024-09-03T11:57:45+00:00","description":"\u041e\u0441\u0435\u043d\u044c, \u043e\u0441\u0435\u043d\u043d\u0438\u0435 \u0444\u043e\u0442\u043e, \u043e\u0441\u0435\u043d\u043d\u0438\u0435 \u0432\u0438\u0434\u0435\u043e, extremetravel, Extrem travel, \u043f\u043e\u043b\u0435\u0442 \u043d\u0430 \u043f\u0430\u0440\u0430\u043f\u043b\u0430\u043d\u0435, \u043f\u043e\u043b\u0451\u0442 \u043d\u0430 \u043c\u043e\u0442\u043e\u043f\u0430\u0440\u0430\u043f\u043b\u0430\u043d\u0435, \u0433\u0434\u0435 \u043c\u043e\u0436\u043d\u043e \u043f\u043e\u043b\u0435\u0442\u0430\u0442\u044c \u0432 \u041b\u0430\u0442\u0432\u0438\u0438.","breadcrumb":{"@id":"https:\/\/extremetravel.lv\/ru\/%d0%be%d1%81%d0%b5%d0%bd%d1%8c\/#breadcrumb"},"inLanguage":"ru-RU","potentialAction":[{"@type":"ReadAction","target":["https:\/\/extremetravel.lv\/ru\/%d0%be%d1%81%d0%b5%d0%bd%d1%8c\/"]}]},{"@type":"BreadcrumbList","@id":"https:\/\/extremetravel.lv\/ru\/%d0%be%d1%81%d0%b5%d0%bd%d1%8c\/#breadcrumb","itemListElement":[{"@type":"ListItem","position":1,"name":"Home","item":"https:\/\/extremetravel.lv\/ru\/"},{"@type":"ListItem","position":2,"name":"\u041e\u0441\u0435\u043d\u044c"}]},{"@type":"WebSite","@id":"https:\/\/extremetravel.lv\/#website","url":"https:\/\/extremetravel.lv\/","name":"Paraplan\u0113\u0161ana Latvij\u0101","description":"EXTREME TRAVEL","publisher":{"@id":"https:\/\/extremetravel.lv\/#organization"},"potentialAction":[{"@type":"SearchAction","target":{"@type":"EntryPoint","urlTemplate":"https:\/\/extremetravel.lv\/?s={search_term_string}"},"query-input":{"@type":"PropertyValueSpecification","valueRequired":true,"valueName":"search_term_string"}}],"inLanguage":"ru-RU"},{"@type":"Organization","@id":"https:\/\/extremetravel.lv\/#organization","name":"Paraplan\u0113\u0161ana Latvij\u0101","url":"https:\/\/extremetravel.lv\/","logo":{"@type":"ImageObject","inLanguage":"ru-RU","@id":"https:\/\/extremetravel.lv\/#\/schema\/logo\/image\/","url":"https:\/\/extremetravel.lv\/wp-content\/uploads\/2024\/08\/extreme_logo_desktop.svg","contentUrl":"https:\/\/extremetravel.lv\/wp-content\/uploads\/2024\/08\/extreme_logo_desktop.svg","width":110,"height":110,"caption":"Paraplan\u0113\u0161ana Latvij\u0101"},"image":{"@id":"https:\/\/extremetravel.lv\/#\/schema\/logo\/image\/"}}]}},"_links":{"self":[{"href":"https:\/\/extremetravel.lv\/ru\/wp-json\/wp\/v2\/pages\/929","targetHints":{"allow":["GET"]}}],"collection":[{"href":"https:\/\/extremetravel.lv\/ru\/wp-json\/wp\/v2\/pages"}],"about":[{"href":"https:\/\/extremetravel.lv\/ru\/wp-json\/wp\/v2\/types\/page"}],"author":[{"embeddable":true,"href":"https:\/\/extremetravel.lv\/ru\/wp-json\/wp\/v2\/users\/1"}],"replies":[{"embeddable":true,"href":"https:\/\/extremetravel.lv\/ru\/wp-json\/wp\/v2\/comments?post=929"}],"version-history":[{"count":5,"href":"https:\/\/extremetravel.lv\/ru\/wp-json\/wp\/v2\/pages\/929\/revisions"}],"predecessor-version":[{"id":1125,"href":"https:\/\/extremetravel.lv\/ru\/wp-json\/wp\/v2\/pages\/929\/revisions\/1125"}],"wp:attachment":[{"href":"https:\/\/extremetravel.lv\/ru\/wp-json\/wp\/v2\/media?parent=929"}],"curies":[{"name":"wp","href":"https:\/\/api.w.org\/{rel}","templated":true}]}}